{"id":2869,"date":"2024-06-18T15:58:10","date_gmt":"2024-06-18T13:58:10","guid":{"rendered":"https:\/\/legal12tablesavocats.ch\/probono\/"},"modified":"2025-09-29T21:03:50","modified_gmt":"2025-09-29T19:03:50","slug":"probono","status":"publish","type":"page","link":"https:\/\/legal12tablesavocats.ch\/de\/probono\/","title":{"rendered":"Pro-Bono-Rechtsbegleitung in der Schweiz"},"content":{"rendered":"<style>.elementor-2869 .elementor-element.elementor-element-4b809e1 > .elementor-container{min-height:400px;}.elementor-2869 .elementor-element.elementor-element-4b809e1:not(.elementor-motion-effects-element-type-background), .elementor-2869 .elementor-element.elementor-element-4b809e1 > .elementor-motion-effects-container > .elementor-motion-effects-layer{background-color:var( --e-global-color-accent );background-image:url(\"https:\/\/legal12tablesavocats.ch\/wp-content\/uploads\/2024\/12\/shutterstock_2328979963-scaled.jpg\");background-position:bottom center;background-repeat:no-repeat;background-size:cover;}.elementor-2869 .elementor-element.elementor-element-4b809e1 > .elementor-background-overlay{opacity:0.8;transition:background 0.3s, border-radius 0.3s, opacity 0.3s;}.elementor-2869 .elementor-element.elementor-element-4b809e1{transition:background 0.3s, border 0.3s, border-radius 0.3s, box-shadow 0.3s;margin-top:0px;margin-bottom:0px;padding:0px 0px 0px 0px;z-index:20;}.elementor-bc-flex-widget .elementor-2869 .elementor-element.elementor-element-df9cd2f.elementor-column .elementor-widget-wrap{align-items:center;}.elementor-2869 .elementor-element.elementor-element-df9cd2f.elementor-column.elementor-element[data-element_type=\"column\"] > .elementor-widget-wrap.elementor-element-populated{align-content:center;align-items:center;}.elementor-2869 .elementor-element.elementor-element-df9cd2f > .elementor-element-populated{margin:0px 0px 120px 0px;--e-column-margin-right:0px;--e-column-margin-left:0px;}.elementor-2869 .elementor-element.elementor-element-9857527 > .elementor-container{max-width:1160px;}.elementor-2869 .elementor-element.elementor-element-9857527{transition:background 0.3s, border 0.3s, border-radius 0.3s, box-shadow 0.3s;padding:60px 0px 10px 0px;}.elementor-2869 .elementor-element.elementor-element-9857527 > .elementor-background-overlay{transition:background 0.3s, border-radius 0.3s, opacity 0.3s;}.elementor-2869 .elementor-element.elementor-element-27a7dcf.elementor-column > .elementor-widget-wrap{justify-content:center;}.elementor-2869 .elementor-element.elementor-element-63ee5de{text-align:start;width:100%;max-width:100%;}.elementor-2869 .elementor-element.elementor-element-63ee5de .elementor-heading-title{font-family:\"Lato\", Sans-serif;font-size:35px;font-weight:600;text-transform:none;font-style:normal;text-decoration:none;line-height:1.1em;color:var( --e-global-color-primary );}.elementor-2869 .elementor-element.elementor-element-63ee5de > .elementor-widget-container{margin:0px 0px 20px 0px;padding:0px 0px 0px 0px;border-style:none;}.elementor-2869 .elementor-element.elementor-element-825b887{text-align:start;font-family:\"Roboto Slab\", Sans-serif;font-size:16px;font-weight:400;text-transform:none;font-style:normal;text-decoration:none;line-height:1.5em;width:100%;max-width:100%;}.elementor-2869 .elementor-element.elementor-element-825b887 > .elementor-widget-container{margin:0px 0px 20px 0px;}.elementor-2869 .elementor-element.elementor-element-8fd50af{text-align:start;font-family:\"Roboto Slab\", Sans-serif;font-size:16px;font-weight:400;text-transform:none;font-style:normal;text-decoration:none;line-height:1.5em;width:100%;max-width:100%;}.elementor-2869 .elementor-element.elementor-element-8fd50af > .elementor-widget-container{margin:0px 0px 0px 0px;}.elementor-2869 .elementor-element.elementor-element-0e85cb2{--display:flex;--flex-direction:row;--container-widget-width:initial;--container-widget-height:100%;--container-widget-flex-grow:1;--container-widget-align-self:stretch;--flex-wrap-mobile:wrap;--gap:0px 0px;--row-gap:0px;--column-gap:0px;--margin-top:0px;--margin-bottom:60px;--margin-left:0px;--margin-right:0px;}.elementor-2869 .elementor-element.elementor-element-0539cdb{--display:flex;--flex-direction:column;--container-widget-width:100%;--container-widget-height:initial;--container-widget-flex-grow:0;--container-widget-align-self:initial;--flex-wrap-mobile:wrap;}.elementor-2869 .elementor-element.elementor-element-b04b6eb{text-align:center;}.elementor-2869 .elementor-element.elementor-element-cd45cd8{--display:flex;--flex-direction:column;--container-widget-width:100%;--container-widget-height:initial;--container-widget-flex-grow:0;--container-widget-align-self:initial;--flex-wrap-mobile:wrap;}.elementor-2869 .elementor-element.elementor-element-5e93670{text-align:center;}.elementor-2869 .elementor-element.elementor-element-15b7b9b{--display:flex;--flex-direction:column;--container-widget-width:100%;--container-widget-height:initial;--container-widget-flex-grow:0;--container-widget-align-self:initial;--flex-wrap-mobile:wrap;}.elementor-2869 .elementor-element.elementor-element-e1acaaf{text-align:center;}@media(min-width:768px){.elementor-2869 .elementor-element.elementor-element-0539cdb{--width:33%;}.elementor-2869 .elementor-element.elementor-element-cd45cd8{--width:33%;}.elementor-2869 .elementor-element.elementor-element-15b7b9b{--width:33%;}}@media(max-width:1024px){.elementor-2869 .elementor-element.elementor-element-4b809e1 > .elementor-container{min-height:250px;}.elementor-2869 .elementor-element.elementor-element-4b809e1{padding:0px 0px 0px 0px;}.elementor-2869 .elementor-element.elementor-element-df9cd2f > .elementor-element-populated{margin:0px 0px 100px 0px;--e-column-margin-right:0px;--e-column-margin-left:0px;}.elementor-2869 .elementor-element.elementor-element-9857527{padding:20px 20px 20px 20px;}.elementor-2869 .elementor-element.elementor-element-63ee5de .elementor-heading-title{font-size:30px;}.elementor-2869 .elementor-element.elementor-element-63ee5de > .elementor-widget-container{padding:0px 0px 0px 0px;}.elementor-2869 .elementor-element.elementor-element-63ee5de{width:100%;max-width:100%;}.elementor-2869 .elementor-element.elementor-element-825b887{font-size:17px;}.elementor-2869 .elementor-element.elementor-element-8fd50af{font-size:17px;}}@media(max-width:767px){.elementor-2869 .elementor-element.elementor-element-4b809e1 > .elementor-container{min-height:200px;}.elementor-2869 .elementor-element.elementor-element-4b809e1{padding:0px 0px 0px 0px;}.elementor-2869 .elementor-element.elementor-element-df9cd2f > .elementor-element-populated{margin:0px 0px 80px 0px;--e-column-margin-right:0px;--e-column-margin-left:0px;}.elementor-2869 .elementor-element.elementor-element-9857527{padding:20px 20px 20px 20px;}.elementor-2869 .elementor-element.elementor-element-63ee5de .elementor-heading-title{font-size:25px;}.elementor-2869 .elementor-element.elementor-element-63ee5de > .elementor-widget-container{padding:0px 0px 0px 0px;}.elementor-2869 .elementor-element.elementor-element-825b887{font-size:16px;}.elementor-2869 .elementor-element.elementor-element-8fd50af{font-size:16px;}}@media(max-width:1024px) and (min-width:768px){.elementor-2869 .elementor-element.elementor-element-df9cd2f{width:100%;}}@media(min-width:1025px){.elementor-2869 .elementor-element.elementor-element-4b809e1:not(.elementor-motion-effects-element-type-background), .elementor-2869 .elementor-element.elementor-element-4b809e1 > .elementor-motion-effects-container > .elementor-motion-effects-layer{background-attachment:scroll;}}<\/style>\t\t<div data-elementor-type=\"wp-page\" data-elementor-id=\"2869\" class=\"elementor elementor-2869 elementor-1237\" data-elementor-post-type=\"page\">\n\t\t\t\t\t\t<section class=\"elementor-section elementor-top-section elementor-element elementor-element-4b809e1 elementor-section-height-min-height elementor-section-boxed elementor-section-height-default elementor-section-items-middle\" data-id=\"4b809e1\" data-element_type=\"section\" data-e-type=\"section\" data-settings=\"{&quot;background_background&quot;:&quot;classic&quot;}\">\n\t\t\t\t\t\t\t<div class=\"elementor-background-overlay\"><\/div>\n\t\t\t\t\t\t\t<div class=\"elementor-container elementor-column-gap-default\">\n\t\t\t\t\t<div class=\"elementor-column elementor-col-100 elementor-top-column elementor-element elementor-element-df9cd2f\" data-id=\"df9cd2f\" data-element_type=\"column\" data-e-type=\"column\">\n\t\t\t<div class=\"elementor-widget-wrap\">\n\t\t\t\t\t\t\t<\/div>\n\t\t<\/div>\n\t\t\t\t\t<\/div>\n\t\t<\/section>\n\t\t\t\t<section class=\"elementor-section elementor-top-section elementor-element elementor-element-9857527 elementor-section-boxed elementor-section-height-default elementor-section-height-default\" data-id=\"9857527\" data-element_type=\"section\" data-e-type=\"section\" data-settings=\"{&quot;background_background&quot;:&quot;classic&quot;}\">\n\t\t\t\t\t\t<div class=\"elementor-container elementor-column-gap-default\">\n\t\t\t\t\t<div class=\"elementor-column elementor-col-100 elementor-top-column elementor-element elementor-element-27a7dcf\" data-id=\"27a7dcf\" data-element_type=\"column\" data-e-type=\"column\">\n\t\t\t<div class=\"elementor-widget-wrap elementor-element-populated\">\n\t\t\t\t\t\t<div class=\"elementor-element elementor-element-63ee5de elementor-widget__width-inherit elementor-widget-tablet__width-inherit elementor-invisible elementor-widget elementor-widget-heading\" data-id=\"63ee5de\" data-element_type=\"widget\" data-e-type=\"widget\" data-settings=\"{&quot;_animation&quot;:&quot;fadeIn&quot;,&quot;_animation_delay&quot;:&quot;200&quot;}\" data-widget_type=\"heading.default\">\n\t\t\t\t<div class=\"elementor-widget-container\">\n\t\t\t\t\t<h1 class=\"elementor-heading-title elementor-size-default\">ProBono<\/h1>\t\t\t\t<\/div>\n\t\t\t\t<\/div>\n\t\t\t\t<div class=\"elementor-element elementor-element-825b887 elementor-widget__width-inherit elementor-widget elementor-widget-text-editor\" data-id=\"825b887\" data-element_type=\"widget\" data-e-type=\"widget\" data-widget_type=\"text-editor.default\">\n\t\t\t\t<div class=\"elementor-widget-container\">\n\t\t\t\t\t\t\t\t\t<p style=\"margin: 0cm 0cm 9pt; font-size: medium; font-family: Aptos, sans-serif; caret-color: #000000; color: #000000;\">Bei Legal XII Tables Avocats glauben wir fest daran, dass der Zugang zur Justiz ein essentielles Recht ist. Deshalb engagieren wir uns aktiv in Pro-Bono-Initiativen, indem wir kostenlosen rechtlichen Beistand f\u00fcr \u00f6ffentliche Einrichtungen leisten.<\/p>\t\t\t\t\t\t\t\t<\/div>\n\t\t\t\t<\/div>\n\t\t\t\t<div class=\"elementor-element elementor-element-0de76b3 elementor-widget elementor-widget-heading\" data-id=\"0de76b3\" data-element_type=\"widget\" data-e-type=\"widget\" data-widget_type=\"heading.default\">\n\t\t\t\t<div class=\"elementor-widget-container\">\n\t\t\t\t\t<h2 class=\"elementor-heading-title elementor-size-default\">Pro-Bono-Engagement: Zugang zur Justiz f\u00fcr alle gew\u00e4hrleisten\n<\/h2>\t\t\t\t<\/div>\n\t\t\t\t<\/div>\n\t\t\t\t<div class=\"elementor-element elementor-element-8fd50af elementor-widget__width-inherit elementor-widget elementor-widget-text-editor\" data-id=\"8fd50af\" data-element_type=\"widget\" data-e-type=\"widget\" data-widget_type=\"text-editor.default\">\n\t\t\t\t<div class=\"elementor-widget-container\">\n\t\t\t\t\t\t\t\t\t<p>Unsere Kanzlei legt gro\u00dfen Wert auf soziale Fragen, da wir der Meinung sind, dass Pro Bono ein grundlegender Bestandteil der Ethik des Anwaltsberufs ist. Dieses Pro-Bono-Engagement ist ein entscheidender Pfeiler unserer verantwortungsvollen Strategie und der Rolle, die wir in der Gesellschaft spielen m\u00f6chten.<\/p><h3>Unsere Auffassung von Pro Bono<\/h3><p>F\u00fcr uns stellt Pro Bono eine sowohl berufliche als auch ethische Verantwortung dar. Durch die Bereitstellung unserer juristischen Expertise ohne Geb\u00fchren tragen wir dazu bei, Gleichheit und soziale Gerechtigkeit in der Schweiz zu f\u00f6rdern. Wir unterst\u00fctzen verschiedene Verb\u00e4nde und Institutionen, die sich f\u00fcr gemeinn\u00fctzige Zwecke einsetzen, und ermutigen unsere Anw\u00e4lte, sich an \u00f6ffentlichen Dienstleistungen zu beteiligen.<\/p>\t\t\t\t\t\t\t\t<\/div>\n\t\t\t\t<\/div>\n\t\t\t\t\t<\/div>\n\t\t<\/div>\n\t\t\t\t\t<\/div>\n\t\t<\/section>\n\t\t<div class=\"elementor-element elementor-element-0e85cb2 e-flex e-con-boxed e-con e-parent\" data-id=\"0e85cb2\" data-element_type=\"container\" data-e-type=\"container\">\n\t\t\t\t\t<div class=\"e-con-inner\">\n\t\t<div class=\"elementor-element elementor-element-0539cdb e-con-full e-flex e-con e-child\" data-id=\"0539cdb\" data-element_type=\"container\" data-e-type=\"container\">\n\t\t\t\t<\/div>\n\t\t<div class=\"elementor-element elementor-element-cd45cd8 e-con-full e-flex e-con e-child\" data-id=\"cd45cd8\" data-element_type=\"container\" data-e-type=\"container\">\n\t\t\t\t<div class=\"elementor-element elementor-element-5e93670 elementor-widget elementor-widget-text-editor\" data-id=\"5e93670\" data-element_type=\"widget\" data-e-type=\"widget\" data-widget_type=\"text-editor.default\">\n\t\t\t\t<div class=\"elementor-widget-container\">\n\t\t\t\t\t\t\t\t\t<p><a href=\"https:\/\/www.zav.ch\/\">B\u00fcros f\u00fcr kostenlose Rechtsberatung des Z\u00fcrcher Anwaltsverbandes<\/a><\/p>\n\t\t\t\t\t\t\t\t<\/div>\n\t\t\t\t<\/div>\n\t\t\t\t<div class=\"elementor-element elementor-element-d629dcf elementor-widget elementor-widget-image\" data-id=\"d629dcf\" data-element_type=\"widget\" data-e-type=\"widget\" data-widget_type=\"image.default\">\n\t\t\t\t<div class=\"elementor-widget-container\">\n\t\t\t\t\t\t\t\t\t\t\t\t\t\t\t<img decoding=\"async\" width=\"300\" height=\"300\" src=\"https:\/\/legal12tablesavocats.ch\/wp-content\/uploads\/2025\/01\/zuercher-anwaltsverband-zav-logo-001-760x760-1-300x300.jpeg\" class=\"attachment-medium size-medium wp-image-4795\" alt=\"\" srcset=\"https:\/\/legal12tablesavocats.ch\/wp-content\/uploads\/2025\/01\/zuercher-anwaltsverband-zav-logo-001-760x760-1-300x300.jpeg 300w, https:\/\/legal12tablesavocats.ch\/wp-content\/uploads\/2025\/01\/zuercher-anwaltsverband-zav-logo-001-760x760-1-150x150.jpeg 150w, https:\/\/legal12tablesavocats.ch\/wp-content\/uploads\/2025\/01\/zuercher-anwaltsverband-zav-logo-001-760x760-1.jpeg 760w\" sizes=\"(max-width: 300px) 100vw, 300px\" \/>\t\t\t\t\t\t\t\t\t\t\t\t\t\t\t<\/div>\n\t\t\t\t<\/div>\n\t\t\t\t<\/div>\n\t\t<div class=\"elementor-element elementor-element-15b7b9b e-con-full e-flex e-con e-child\" data-id=\"15b7b9b\" data-element_type=\"container\" data-e-type=\"container\">\n\t\t\t\t<\/div>\n\t\t\t\t\t<\/div>\n\t\t\t\t<\/div>\n\t\t\t\t<\/div>\n\t\t","protected":false},"excerpt":{"rendered":"<p>ProBono Bei Legal XII Tables Avocats glauben wir fest daran, dass der Zugang zur Justiz ein essentielles Recht ist. Deshalb engagieren wir uns aktiv in Pro-Bono-Initiativen, indem wir kostenlosen rechtlichen Beistand f\u00fcr \u00f6ffentliche Einrichtungen leisten. Pro-Bono-Engagement: Zugang zur Justiz f\u00fcr alle gew\u00e4hrleisten Unsere Kanzlei legt gro\u00dfen Wert auf soziale Fragen, da wir der Meinung sind, [&hellip;]<\/p>\n","protected":false},"author":2,"featured_media":0,"parent":0,"menu_order":0,"comment_status":"closed","ping_status":"closed","template":"","meta":{"footnotes":""},"class_list":["post-2869","page","type-page","status-publish","hentry"],"yoast_head":"<!-- This site is optimized with the Yoast SEO plugin v27.2 - https:\/\/yoast.com\/product\/yoast-seo-wordpress\/ -->\n<title>Ihre Pro-Bono-Rechtsbegleitung in der Schweiz | Legal XII<\/title>\n<meta name=\"description\" content=\"Legal XII Tables Avocats bietet Pro-Bono-Beratung f\u00fcr Bed\u00fcrftige \u2013 engagiert f\u00fcr fairen Zugang zur Justiz.\" \/>\n<meta name=\"robots\" content=\"index, follow, max-snippet:-1, max-image-preview:large, max-video-preview:-1\" \/>\n<link rel=\"canonical\" href=\"https:\/\/legal12tablesavocats.ch\/de\/probono\/\" \/>\n<meta property=\"og:locale\" content=\"de_DE\" \/>\n<meta property=\"og:type\" content=\"article\" \/>\n<meta property=\"og:title\" content=\"Ihre Pro-Bono-Rechtsbegleitung in der Schweiz | Legal XII\" \/>\n<meta property=\"og:description\" content=\"Legal XII Tables Avocats bietet Pro-Bono-Beratung f\u00fcr Bed\u00fcrftige \u2013 engagiert f\u00fcr fairen Zugang zur Justiz.\" \/>\n<meta property=\"og:url\" content=\"https:\/\/legal12tablesavocats.ch\/de\/probono\/\" \/>\n<meta property=\"og:site_name\" content=\"Legal XII Tables Avocats\" \/>\n<meta property=\"article:publisher\" content=\"https:\/\/www.facebook.com\/profile.php?id=61573974416887\" \/>\n<meta property=\"article:modified_time\" content=\"2025-09-29T19:03:50+00:00\" \/>\n<meta property=\"og:image\" content=\"https:\/\/legal12tablesavocats.ch\/wp-content\/uploads\/2025\/01\/zuercher-anwaltsverband-zav-logo-001-760x760-1.jpeg\" \/>\n\t<meta property=\"og:image:width\" content=\"760\" \/>\n\t<meta property=\"og:image:height\" content=\"760\" \/>\n\t<meta property=\"og:image:type\" content=\"image\/jpeg\" \/>\n<meta name=\"twitter:card\" content=\"summary_large_image\" \/>\n<meta name=\"twitter:label1\" content=\"Gesch\u00e4tzte Lesezeit\" \/>\n\t<meta name=\"twitter:data1\" content=\"2\u00a0Minuten\" \/>\n<script type=\"application\/ld+json\" class=\"yoast-schema-graph\">{\"@context\":\"https:\/\/schema.org\",\"@graph\":[{\"@type\":\"WebPage\",\"@id\":\"https:\/\/legal12tablesavocats.ch\/de\/probono\/\",\"url\":\"https:\/\/legal12tablesavocats.ch\/de\/probono\/\",\"name\":\"Ihre Pro-Bono-Rechtsbegleitung in der Schweiz | Legal XII\",\"isPartOf\":{\"@id\":\"https:\/\/legal12tablesavocats.ch\/de\/#website\"},\"primaryImageOfPage\":{\"@id\":\"https:\/\/legal12tablesavocats.ch\/de\/probono\/#primaryimage\"},\"image\":{\"@id\":\"https:\/\/legal12tablesavocats.ch\/de\/probono\/#primaryimage\"},\"thumbnailUrl\":\"https:\/\/legal12tablesavocats.ch\/wp-content\/uploads\/2025\/01\/zuercher-anwaltsverband-zav-logo-001-760x760-1-300x300.jpeg\",\"datePublished\":\"2024-06-18T13:58:10+00:00\",\"dateModified\":\"2025-09-29T19:03:50+00:00\",\"description\":\"Legal XII Tables Avocats bietet Pro-Bono-Beratung f\u00fcr Bed\u00fcrftige \u2013 engagiert f\u00fcr fairen Zugang zur Justiz.\",\"breadcrumb\":{\"@id\":\"https:\/\/legal12tablesavocats.ch\/de\/probono\/#breadcrumb\"},\"inLanguage\":\"de\",\"potentialAction\":[{\"@type\":\"ReadAction\",\"target\":[\"https:\/\/legal12tablesavocats.ch\/de\/probono\/\"]}]},{\"@type\":\"ImageObject\",\"inLanguage\":\"de\",\"@id\":\"https:\/\/legal12tablesavocats.ch\/de\/probono\/#primaryimage\",\"url\":\"https:\/\/legal12tablesavocats.ch\/wp-content\/uploads\/2025\/01\/zuercher-anwaltsverband-zav-logo-001-760x760-1-300x300.jpeg\",\"contentUrl\":\"https:\/\/legal12tablesavocats.ch\/wp-content\/uploads\/2025\/01\/zuercher-anwaltsverband-zav-logo-001-760x760-1-300x300.jpeg\"},{\"@type\":\"BreadcrumbList\",\"@id\":\"https:\/\/legal12tablesavocats.ch\/de\/probono\/#breadcrumb\",\"itemListElement\":[{\"@type\":\"ListItem\",\"position\":1,\"name\":\"Home\",\"item\":\"https:\/\/legal12tablesavocats.ch\/de\/\"},{\"@type\":\"ListItem\",\"position\":2,\"name\":\"Pro-Bono-Rechtsbegleitung in der Schweiz\"}]},{\"@type\":\"WebSite\",\"@id\":\"https:\/\/legal12tablesavocats.ch\/de\/#website\",\"url\":\"https:\/\/legal12tablesavocats.ch\/de\/\",\"name\":\"Legal XII Tables Avocats\",\"description\":\"Nos valeurs sont vos atouts\",\"publisher\":{\"@id\":\"https:\/\/legal12tablesavocats.ch\/de\/#organization\"},\"potentialAction\":[{\"@type\":\"SearchAction\",\"target\":{\"@type\":\"EntryPoint\",\"urlTemplate\":\"https:\/\/legal12tablesavocats.ch\/de\/?s={search_term_string}\"},\"query-input\":{\"@type\":\"PropertyValueSpecification\",\"valueRequired\":true,\"valueName\":\"search_term_string\"}}],\"inLanguage\":\"de\"},{\"@type\":\"Organization\",\"@id\":\"https:\/\/legal12tablesavocats.ch\/de\/#organization\",\"name\":\"Legal XII Tables Avocats\",\"url\":\"https:\/\/legal12tablesavocats.ch\/de\/\",\"logo\":{\"@type\":\"ImageObject\",\"inLanguage\":\"de\",\"@id\":\"https:\/\/legal12tablesavocats.ch\/de\/#\/schema\/logo\/image\/\",\"url\":\"https:\/\/legal12tablesavocats.ch\/wp-content\/uploads\/2025\/03\/cropped-Favicon.jpg\",\"contentUrl\":\"https:\/\/legal12tablesavocats.ch\/wp-content\/uploads\/2025\/03\/cropped-Favicon.jpg\",\"width\":512,\"height\":512,\"caption\":\"Legal XII Tables Avocats\"},\"image\":{\"@id\":\"https:\/\/legal12tablesavocats.ch\/de\/#\/schema\/logo\/image\/\"},\"sameAs\":[\"https:\/\/www.facebook.com\/profile.php?id=61573974416887\",\"https:\/\/www.linkedin.com\/company\/legal-xii-tables-avocats\/\"]}]}<\/script>\n<!-- \/ Yoast SEO plugin. -->","yoast_head_json":{"title":"Ihre Pro-Bono-Rechtsbegleitung in der Schweiz | Legal XII","description":"Legal XII Tables Avocats bietet Pro-Bono-Beratung f\u00fcr Bed\u00fcrftige \u2013 engagiert f\u00fcr fairen Zugang zur Justiz.","robots":{"index":"index","follow":"follow","max-snippet":"max-snippet:-1","max-image-preview":"max-image-preview:large","max-video-preview":"max-video-preview:-1"},"canonical":"https:\/\/legal12tablesavocats.ch\/de\/probono\/","og_locale":"de_DE","og_type":"article","og_title":"Ihre Pro-Bono-Rechtsbegleitung in der Schweiz | Legal XII","og_description":"Legal XII Tables Avocats bietet Pro-Bono-Beratung f\u00fcr Bed\u00fcrftige \u2013 engagiert f\u00fcr fairen Zugang zur Justiz.","og_url":"https:\/\/legal12tablesavocats.ch\/de\/probono\/","og_site_name":"Legal XII Tables Avocats","article_publisher":"https:\/\/www.facebook.com\/profile.php?id=61573974416887","article_modified_time":"2025-09-29T19:03:50+00:00","og_image":[{"width":760,"height":760,"url":"https:\/\/legal12tablesavocats.ch\/wp-content\/uploads\/2025\/01\/zuercher-anwaltsverband-zav-logo-001-760x760-1.jpeg","type":"image\/jpeg"}],"twitter_card":"summary_large_image","twitter_misc":{"Gesch\u00e4tzte Lesezeit":"2\u00a0Minuten"},"schema":{"@context":"https:\/\/schema.org","@graph":[{"@type":"WebPage","@id":"https:\/\/legal12tablesavocats.ch\/de\/probono\/","url":"https:\/\/legal12tablesavocats.ch\/de\/probono\/","name":"Ihre Pro-Bono-Rechtsbegleitung in der Schweiz | Legal XII","isPartOf":{"@id":"https:\/\/legal12tablesavocats.ch\/de\/#website"},"primaryImageOfPage":{"@id":"https:\/\/legal12tablesavocats.ch\/de\/probono\/#primaryimage"},"image":{"@id":"https:\/\/legal12tablesavocats.ch\/de\/probono\/#primaryimage"},"thumbnailUrl":"https:\/\/legal12tablesavocats.ch\/wp-content\/uploads\/2025\/01\/zuercher-anwaltsverband-zav-logo-001-760x760-1-300x300.jpeg","datePublished":"2024-06-18T13:58:10+00:00","dateModified":"2025-09-29T19:03:50+00:00","description":"Legal XII Tables Avocats bietet Pro-Bono-Beratung f\u00fcr Bed\u00fcrftige \u2013 engagiert f\u00fcr fairen Zugang zur Justiz.","breadcrumb":{"@id":"https:\/\/legal12tablesavocats.ch\/de\/probono\/#breadcrumb"},"inLanguage":"de","potentialAction":[{"@type":"ReadAction","target":["https:\/\/legal12tablesavocats.ch\/de\/probono\/"]}]},{"@type":"ImageObject","inLanguage":"de","@id":"https:\/\/legal12tablesavocats.ch\/de\/probono\/#primaryimage","url":"https:\/\/legal12tablesavocats.ch\/wp-content\/uploads\/2025\/01\/zuercher-anwaltsverband-zav-logo-001-760x760-1-300x300.jpeg","contentUrl":"https:\/\/legal12tablesavocats.ch\/wp-content\/uploads\/2025\/01\/zuercher-anwaltsverband-zav-logo-001-760x760-1-300x300.jpeg"},{"@type":"BreadcrumbList","@id":"https:\/\/legal12tablesavocats.ch\/de\/probono\/#breadcrumb","itemListElement":[{"@type":"ListItem","position":1,"name":"Home","item":"https:\/\/legal12tablesavocats.ch\/de\/"},{"@type":"ListItem","position":2,"name":"Pro-Bono-Rechtsbegleitung in der Schweiz"}]},{"@type":"WebSite","@id":"https:\/\/legal12tablesavocats.ch\/de\/#website","url":"https:\/\/legal12tablesavocats.ch\/de\/","name":"Legal XII Tables Avocats","description":"Nos valeurs sont vos atouts","publisher":{"@id":"https:\/\/legal12tablesavocats.ch\/de\/#organization"},"potentialAction":[{"@type":"SearchAction","target":{"@type":"EntryPoint","urlTemplate":"https:\/\/legal12tablesavocats.ch\/de\/?s={search_term_string}"},"query-input":{"@type":"PropertyValueSpecification","valueRequired":true,"valueName":"search_term_string"}}],"inLanguage":"de"},{"@type":"Organization","@id":"https:\/\/legal12tablesavocats.ch\/de\/#organization","name":"Legal XII Tables Avocats","url":"https:\/\/legal12tablesavocats.ch\/de\/","logo":{"@type":"ImageObject","inLanguage":"de","@id":"https:\/\/legal12tablesavocats.ch\/de\/#\/schema\/logo\/image\/","url":"https:\/\/legal12tablesavocats.ch\/wp-content\/uploads\/2025\/03\/cropped-Favicon.jpg","contentUrl":"https:\/\/legal12tablesavocats.ch\/wp-content\/uploads\/2025\/03\/cropped-Favicon.jpg","width":512,"height":512,"caption":"Legal XII Tables Avocats"},"image":{"@id":"https:\/\/legal12tablesavocats.ch\/de\/#\/schema\/logo\/image\/"},"sameAs":["https:\/\/www.facebook.com\/profile.php?id=61573974416887","https:\/\/www.linkedin.com\/company\/legal-xii-tables-avocats\/"]}]}},"_links":{"self":[{"href":"https:\/\/legal12tablesavocats.ch\/de\/wp-json\/wp\/v2\/pages\/2869","targetHints":{"allow":["GET"]}}],"collection":[{"href":"https:\/\/legal12tablesavocats.ch\/de\/wp-json\/wp\/v2\/pages"}],"about":[{"href":"https:\/\/legal12tablesavocats.ch\/de\/wp-json\/wp\/v2\/types\/page"}],"author":[{"embeddable":true,"href":"https:\/\/legal12tablesavocats.ch\/de\/wp-json\/wp\/v2\/users\/2"}],"replies":[{"embeddable":true,"href":"https:\/\/legal12tablesavocats.ch\/de\/wp-json\/wp\/v2\/comments?post=2869"}],"version-history":[{"count":38,"href":"https:\/\/legal12tablesavocats.ch\/de\/wp-json\/wp\/v2\/pages\/2869\/revisions"}],"predecessor-version":[{"id":7220,"href":"https:\/\/legal12tablesavocats.ch\/de\/wp-json\/wp\/v2\/pages\/2869\/revisions\/7220"}],"wp:attachment":[{"href":"https:\/\/legal12tablesavocats.ch\/de\/wp-json\/wp\/v2\/media?parent=2869"}],"curies":[{"name":"wp","href":"https:\/\/api.w.org\/{rel}","templated":true}]}}